{"id":45034,"date":"2025-02-11T20:17:27","date_gmt":"2025-02-11T18:17:27","guid":{"rendered":"https:\/\/crypto-tracing.com\/?page_id=45034"},"modified":"2025-06-19T13:56:10","modified_gmt":"2025-06-19T11:56:10","slug":"invest-safely-in-cryptocurrencies","status":"publish","type":"page","link":"https:\/\/crypto-tracing.com\/en\/sicher-in-kryptowaehrungen-investieren\/","title":{"rendered":"Sicher in Kryptow\u00e4hrungen investieren: Onlinekurs f\u00fcr Einsteiger"},"content":{"rendered":"<div data-elementor-type=\"wp-page\" data-elementor-id=\"45034\" class=\"elementor elementor-45034\" data-elementor-post-type=\"page\">\n\t\t\t\t\t\t<section class=\"elementor-section elementor-top-section elementor-element elementor-element-d3e3aee elementor-section-boxed elementor-section-height-default elementor-section-height-default\" data-id=\"d3e3aee\" data-element_type=\"section\" data-e-type=\"section\">\n\t\t\t\t\t\t<div class=\"elementor-container elementor-column-gap-default\">\n\t\t\t\t\t<div class=\"elementor-column elementor-col-100 elementor-top-column elementor-element elementor-element-dc3641b\" data-id=\"dc3641b\" data-element_type=\"column\" data-e-type=\"column\">\n\t\t\t<div class=\"elementor-widget-wrap elementor-element-populated\">\n\t\t\t\t\t\t<div class=\"elementor-element elementor-element-3935d60 elementor-widget elementor-widget-heading\" data-id=\"3935d60\" data-element_type=\"widget\" data-e-type=\"widget\" data-widget_type=\"heading.default\">\n\t\t\t\t<div class=\"elementor-widget-container\">\n\t\t\t\t\t<h1 class=\"elementor-heading-title elementor-size-default\">Invest safely in cryptocurrencies<\/h1>\t\t\t\t<\/div>\n\t\t\t\t<\/div>\n\t\t\t\t\t<\/div>\n\t\t<\/div>\n\t\t\t\t\t<\/div>\n\t\t<\/section>\n\t\t\t\t<section class=\"elementor-section elementor-top-section elementor-element elementor-element-21bc57c elementor-section-boxed elementor-section-height-default elementor-section-height-default\" data-id=\"21bc57c\" data-element_type=\"section\" data-e-type=\"section\">\n\t\t\t\t\t\t<div class=\"elementor-container elementor-column-gap-default\">\n\t\t\t\t\t<div class=\"elementor-column elementor-col-100 elementor-top-column elementor-element elementor-element-b0a1e2b\" data-id=\"b0a1e2b\" data-element_type=\"column\" data-e-type=\"column\">\n\t\t\t<div class=\"elementor-widget-wrap elementor-element-populated\">\n\t\t\t\t\t\t<div class=\"elementor-element elementor-element-d1015f4 elementor-widget elementor-widget-text-editor\" data-id=\"d1015f4\" data-element_type=\"widget\" data-e-type=\"widget\" data-widget_type=\"text-editor.default\">\n\t\t\t\t<div class=\"elementor-widget-container\">\n\t\t\t\t\t\t\t\t\t<p>Cryptocurrencies offer incredible opportunities \u2013 but they also come with risks. Many investors make costly mistakes because they don't know how to invest safely in cryptocurrencies. Choosing the wrong platforms, insecure storage, and a lack of knowledge about scams often lead to losses.<\/p>\n<p><\/p>\n<p>But that's exactly what you can avoid! With our course, you will learn step by step how to invest safely in cryptocurrencies, protect your capital and trade confidently.<\/p><h2>Why you need this course<\/h2><p>\n\n<\/p><p>Our course provides you with a practical and secure\nfoundation for successfully investing in cryptocurrencies. You will not only learn\nnot only the basics, but also how to protect your capital in the best possible way.<o:p><\/o:p><\/p>\t\t\t\t\t\t\t\t<\/div>\n\t\t\t\t<\/div>\n\t\t\t\t\t<\/div>\n\t\t<\/div>\n\t\t\t\t\t<\/div>\n\t\t<\/section>\n\t\t\t\t<section class=\"elementor-section elementor-top-section elementor-element elementor-element-38be399 elementor-section-boxed elementor-section-height-default elementor-section-height-default\" data-id=\"38be399\" data-element_type=\"section\" data-e-type=\"section\">\n\t\t\t\t\t\t<div class=\"elementor-container elementor-column-gap-default\">\n\t\t\t\t\t<div class=\"elementor-column elementor-col-100 elementor-top-column elementor-element elementor-element-b1e1d02\" data-id=\"b1e1d02\" data-element_type=\"column\" data-e-type=\"column\">\n\t\t\t<div class=\"elementor-widget-wrap elementor-element-populated\">\n\t\t\t\t\t\t<div class=\"elementor-element elementor-element-ffc8501 elementor-widget elementor-widget-price-table\" data-id=\"ffc8501\" data-element_type=\"widget\" data-e-type=\"widget\" data-widget_type=\"price-table.default\">\n\t\t\t\t<div class=\"elementor-widget-container\">\n\t\t\t\t\t\n\t\t<div class=\"elementor-price-table\">\n\t\t\t\t\t\t\t<div class=\"elementor-price-table__header\">\n\t\t\t\t\t\t\t\t\t\t\t<h3 class=\"elementor-price-table__heading\">\n\t\t\t\t\t\tLearn how to invest in crypto safely and seriously\t\t\t\t\t\t<\/h3>\n\t\t\t\t\t\n\t\t\t\t\t\t\t\t\t\t\t<span class=\"elementor-price-table__subheading\">\n\t\t\t\t\t\t\tThe online course for beginners\t\t\t\t\t\t<\/span>\n\t\t\t\t\t\t\t\t\t<\/div>\n\t\t\t\n\t\t\t<div class=\"elementor-price-table__price\">\n\t\t\t\t\t\t\t\t<span class=\"elementor-price-table__currency\">&#128;<\/span>\t\t\t\t\t\t\t\t\t<span class=\"elementor-price-table__integer-part\">\n\t\t\t\t\t\t49,99\t\t\t\t\t<\/span>\n\t\t\t\t\n\t\t\t\t\n\t\t\t\t\n\t\t\t\t\t\t\t\t\t<span class=\"elementor-price-table__period elementor-typo-excluded\">one-time incl. VAT.<\/span>\t\t\t\t\t\t\t<\/div>\n\n\t\t\t\t\t\t\t<ul class=\"elementor-price-table__features-list\">\n\t\t\t\t\t\t\t\t\t\t\t<li class=\"elementor-repeater-item-1251dae\">\n\t\t\t\t\t\t\t<div class=\"elementor-price-table__feature-inner\">\n\t\t\t\t\t\t\t\t<i aria-hidden=\"true\" class=\"far fa-check-circle\"><\/i>\t\t\t\t\t\t\t\t\t\t\t\t\t\t\t\t\t<span >\n\t\t\t\t\t\t\t\t\t\t<span style=\"font-size:12.0pt;line-height:115%;,sans-serif\">No prior knowledge required - we start with the basics<\/span>\t\t\t\t\t\t\t\t\t<\/span>\n\t\t\t\t\t\t\t\t\t\t\t\t\t\t\t\t<\/div>\n\t\t\t\t\t\t<\/li>\n\t\t\t\t\t\t\t\t\t\t\t<li class=\"elementor-repeater-item-2feb654\">\n\t\t\t\t\t\t\t<div class=\"elementor-price-table__feature-inner\">\n\t\t\t\t\t\t\t\t<i aria-hidden=\"true\" class=\"far fa-check-circle\"><\/i>\t\t\t\t\t\t\t\t\t\t\t\t\t\t\t\t\t<span >\n\t\t\t\t\t\t\t\t\t\t<span style=\"font-size:12.0pt;line-height:115%;,sans-serif\">Step-by-step instructions - How to implement everything directly<\/span>\t\t\t\t\t\t\t\t\t<\/span>\n\t\t\t\t\t\t\t\t\t\t\t\t\t\t\t\t<\/div>\n\t\t\t\t\t\t<\/li>\n\t\t\t\t\t\t\t\t\t\t\t<li class=\"elementor-repeater-item-6839715\">\n\t\t\t\t\t\t\t<div class=\"elementor-price-table__feature-inner\">\n\t\t\t\t\t\t\t\t<i aria-hidden=\"true\" class=\"far fa-check-circle\"><\/i>\t\t\t\t\t\t\t\t\t\t\t\t\t\t\t\t\t<span >\n\t\t\t\t\t\t\t\t\t\t<span style=\"font-size:12.0pt;line-height:115%;,sans-serif\">Security focus - Protect your money from hackers and fraudsters<\/span>\t\t\t\t\t\t\t\t\t<\/span>\n\t\t\t\t\t\t\t\t\t\t\t\t\t\t\t\t<\/div>\n\t\t\t\t\t\t<\/li>\n\t\t\t\t\t\t\t\t\t\t\t<li class=\"elementor-repeater-item-28ac0ad\">\n\t\t\t\t\t\t\t<div class=\"elementor-price-table__feature-inner\">\n\t\t\t\t\t\t\t\t<i aria-hidden=\"true\" class=\"far fa-check-circle\"><\/i>\t\t\t\t\t\t\t\t\t\t\t\t\t\t\t\t\t<span >\n\t\t\t\t\t\t\t\t\t\t<span style=\"font-size:12.0pt;line-height:115%;,sans-serif\">Tax basics - No surprises with the tax office<\/span>\t\t\t\t\t\t\t\t\t<\/span>\n\t\t\t\t\t\t\t\t\t\t\t\t\t\t\t\t<\/div>\n\t\t\t\t\t\t<\/li>\n\t\t\t\t\t\t\t\t\t<\/ul>\n\t\t\t\n\t\t\t\t\t\t\t<div class=\"elementor-price-table__footer\">\n\t\t\t\t\t\t\t\t\t\t\t<a class=\"elementor-price-table__button elementor-button elementor-size-md\" href=\"https:\/\/myablefy.com\/s\/kryptobetrugshilfe\/sicher-in-kryptowaehrungen-investieren-5454c94a\" target=\"_blank\" rel=\"noopener\">\n\t\t\t\t\t\t\tBook now\t\t\t\t\t\t<\/a>\n\t\t\t\t\t\n\t\t\t\t\t\t\t\t\t<\/div>\n\t\t\t\t\t<\/div>\n\n\t\t\t\t\t<div class=\"elementor-ribbon\">\n\t\t\t\t<div class=\"elementor-ribbon-inner\">\n\t\t\t\t\tOffer\t\t\t\t<\/div>\n\t\t\t<\/div>\n\t\t\t\t\t\t\t<\/div>\n\t\t\t\t<\/div>\n\t\t\t\t\t<\/div>\n\t\t<\/div>\n\t\t\t\t\t<\/div>\n\t\t<\/section>\n\t\t\t\t<section class=\"elementor-section elementor-top-section elementor-element elementor-element-59f33cc elementor-section-boxed elementor-section-height-default elementor-section-height-default\" data-id=\"59f33cc\" data-element_type=\"section\" data-e-type=\"section\">\n\t\t\t\t\t\t<div class=\"elementor-container elementor-column-gap-default\">\n\t\t\t\t\t<div class=\"elementor-column elementor-col-100 elementor-top-column elementor-element elementor-element-f959fd3\" data-id=\"f959fd3\" data-element_type=\"column\" data-e-type=\"column\">\n\t\t\t<div class=\"elementor-widget-wrap elementor-element-populated\">\n\t\t\t\t\t\t<div class=\"elementor-element elementor-element-18f7200 elementor-widget__width-initial elementor-widget elementor-widget-text-editor\" data-id=\"18f7200\" data-element_type=\"widget\" data-e-type=\"widget\" data-widget_type=\"text-editor.default\">\n\t\t\t\t<div class=\"elementor-widget-container\">\n\t\t\t\t\t\t\t\t\t<h2>What you learn - The modules at a glance<\/h2><p>\ud83d\udfe2 Module 1: Basics of cryptocurrencies<br \/><span style=\"font-size: 14px;\">\u00a0 \u00a0 \u00a0 \u00a0What are cryptocurrencies, how do they work and why do they fascinate the financial world?<\/span><\/p><p>\ud83d\udfe2 Module 2: Coinbase - setting up a secure account<br \/><span style=\"font-size: 14px;\">\u00a0 \u00a0 \u00a0 \u00a0Step-by-step guide to creating an account on Coinbase - simple and secure.<\/span><\/p><p>\ud83d\udfe2 Module 3: Coinbase - security settings<br \/><span style=\"font-size: 14px;\">\u00a0 \u00a0 \u00a0 \u00a0Learn how to secure your account with 2FA and other methods.<\/span><\/p><p>\ud83d\udfe2 Module 4: Coinbase - buying and selling cryptocurrencies<br \/><span style=\"font-size: 14px;\">\u00a0 \u00a0 \u00a0 \u00a0Learn how to invest safely in cryptocurrencies, carry out transactions and avoid pitfalls.<\/span><\/p><p>\ud83d\udfe2 Module 5: Safekeeping of cryptocurrencies<br \/><span style=\"font-size: 14px;\">\u00a0 \u00a0 \u00a0 \u00a0Which wallets are secure? How do you store your coins protected from hacker attacks?<\/span><\/p><p>\ud83d\udfe2 Module 6: Set up the ledger wallet<br \/><span style=\"font-size: 14px;\">\u00a0 \u00a0 \u00a0 \u00a0How to set up your Ledger Wallet - for maximum security.<\/span><\/p><p>\ud83d\udfe2 Module 7: Recognizing crypto scams<br \/><span style=\"font-size: 14px;\">\u00a0 \u00a0 \u00a0 \u00a0Scams, phishing, Ponzi schemes - we show you what to look out for.<\/span><\/p><p>\ud83d\udfe2 Module 8: Crypto taxes made easy<br \/><span style=\"font-size: 14px;\">\u00a0 \u00a0 \u00a0 \u00a0With expert knowledge from crypto tax consultant Raphael Sperling, you will understand how to make your investments correctly for tax purposes.\u00a0\u00a0<br \/><\/span><span style=\"font-size: 14px;\">\u00a0 \u00a0 \u00a0 \u00a0handle.<\/span><\/p><p>Y<b>our advantage: Knowledge that protects you!<\/b><\/p>\t\t\t\t\t\t\t\t<\/div>\n\t\t\t\t<\/div>\n\t\t\t\t\t<\/div>\n\t\t<\/div>\n\t\t\t\t\t<\/div>\n\t\t<\/section>\n\t\t\t\t<\/div>","protected":false},"excerpt":{"rendered":"<p>Kryptow\u00e4hrungen bieten unglaubliche Chancen \u2013 doch sie bringen auch Risiken mit sich. Viele Anleger machen teure Fehler, weil sie nicht wissen, wie sie sicher in Kryptow\u00e4hrungen investieren k\u00f6nnen. Falsche Plattformen, unsichere Verwahrung und mangelndes Wissen \u00fcber Betrugsmaschen f\u00fchren immer wieder zu Verlusten. Doch genau das k\u00f6nnen Sie vermeiden! Mit unserem Kurs lernen Sie Schritt f\u00fcr [&hellip;]<\/p>\n","protected":false},"author":2,"featured_media":45059,"parent":0,"menu_order":0,"comment_status":"closed","ping_status":"closed","template":"","meta":{"ocean_post_layout":"","ocean_both_sidebars_style":"","ocean_both_sidebars_content_width":0,"ocean_both_sidebars_sidebars_width":0,"ocean_sidebar":"","ocean_second_sidebar":"","ocean_disable_margins":"enable","ocean_add_body_class":"","ocean_shortcode_before_top_bar":"","ocean_shortcode_after_top_bar":"","ocean_shortcode_before_header":"","ocean_shortcode_after_header":"","ocean_has_shortcode":"","ocean_shortcode_after_title":"","ocean_shortcode_before_footer_widgets":"","ocean_shortcode_after_footer_widgets":"","ocean_shortcode_before_footer_bottom":"","ocean_shortcode_after_footer_bottom":"","ocean_display_top_bar":"default","ocean_display_header":"default","ocean_header_style":"","ocean_center_header_left_menu":"","ocean_custom_header_template":"","ocean_custom_logo":0,"ocean_custom_retina_logo":0,"ocean_custom_logo_max_width":0,"ocean_custom_logo_tablet_max_width":0,"ocean_custom_logo_mobile_max_width":0,"ocean_custom_logo_max_height":0,"ocean_custom_logo_tablet_max_height":0,"ocean_custom_logo_mobile_max_height":0,"ocean_header_custom_menu":"","ocean_menu_typo_font_family":"","ocean_menu_typo_font_subset":"","ocean_menu_typo_font_size":0,"ocean_menu_typo_font_size_tablet":0,"ocean_menu_typo_font_size_mobile":0,"ocean_menu_typo_font_size_unit":"px","ocean_menu_typo_font_weight":"","ocean_menu_typo_font_weight_tablet":"","ocean_menu_typo_font_weight_mobile":"","ocean_menu_typo_transform":"","ocean_menu_typo_transform_tablet":"","ocean_menu_typo_transform_mobile":"","ocean_menu_typo_line_height":0,"ocean_menu_typo_line_height_tablet":0,"ocean_menu_typo_line_height_mobile":0,"ocean_menu_typo_line_height_unit":"","ocean_menu_typo_spacing":0,"ocean_menu_typo_spacing_tablet":0,"ocean_menu_typo_spacing_mobile":0,"ocean_menu_typo_spacing_unit":"","ocean_menu_link_color":"","ocean_menu_link_color_hover":"","ocean_menu_link_color_active":"","ocean_menu_link_background":"","ocean_menu_link_hover_background":"","ocean_menu_link_active_background":"","ocean_menu_social_links_bg":"","ocean_menu_social_hover_links_bg":"","ocean_menu_social_links_color":"","ocean_menu_social_hover_links_color":"","ocean_disable_title":"on","ocean_disable_heading":"default","ocean_post_title":"","ocean_post_subheading":"","ocean_post_title_style":"","ocean_post_title_background_color":"","ocean_post_title_background":0,"ocean_post_title_bg_image_position":"","ocean_post_title_bg_image_attachment":"","ocean_post_title_bg_image_repeat":"","ocean_post_title_bg_image_size":"","ocean_post_title_height":0,"ocean_post_title_bg_overlay":0.5,"ocean_post_title_bg_overlay_color":"","ocean_disable_breadcrumbs":"off","ocean_breadcrumbs_color":"","ocean_breadcrumbs_separator_color":"","ocean_breadcrumbs_links_color":"","ocean_breadcrumbs_links_hover_color":"","ocean_display_footer_widgets":"default","ocean_display_footer_bottom":"default","ocean_custom_footer_template":"","_glsr_average":0,"_glsr_ranking":0,"_glsr_reviews":0,"footnotes":""},"class_list":["post-45034","page","type-page","status-publish","has-post-thumbnail","hentry","entry","has-media"],"_links":{"self":[{"href":"https:\/\/crypto-tracing.com\/en\/wp-json\/wp\/v2\/pages\/45034","targetHints":{"allow":["GET"]}}],"collection":[{"href":"https:\/\/crypto-tracing.com\/en\/wp-json\/wp\/v2\/pages"}],"about":[{"href":"https:\/\/crypto-tracing.com\/en\/wp-json\/wp\/v2\/types\/page"}],"author":[{"embeddable":true,"href":"https:\/\/crypto-tracing.com\/en\/wp-json\/wp\/v2\/users\/2"}],"replies":[{"embeddable":true,"href":"https:\/\/crypto-tracing.com\/en\/wp-json\/wp\/v2\/comments?post=45034"}],"version-history":[{"count":25,"href":"https:\/\/crypto-tracing.com\/en\/wp-json\/wp\/v2\/pages\/45034\/revisions"}],"predecessor-version":[{"id":45418,"href":"https:\/\/crypto-tracing.com\/en\/wp-json\/wp\/v2\/pages\/45034\/revisions\/45418"}],"wp:featuredmedia":[{"embeddable":true,"href":"https:\/\/crypto-tracing.com\/en\/wp-json\/wp\/v2\/media\/45059"}],"wp:attachment":[{"href":"https:\/\/crypto-tracing.com\/en\/wp-json\/wp\/v2\/media?parent=45034"}],"curies":[{"name":"wp","href":"https:\/\/api.w.org\/{rel}","templated":true}]}}